{"id":27,"date":"2023-03-20T10:09:00","date_gmt":"2023-03-20T09:09:00","guid":{"rendered":"https:\/\/sklep.magiaexcela.pl\/?page_id=27"},"modified":"2023-03-20T10:09:00","modified_gmt":"2023-03-20T09:09:00","slug":"regulamin","status":"publish","type":"page","link":"https:\/\/sklep.magiaexcela.pl\/index.php\/regulamin\/","title":{"rendered":"Regulamin"},"content":{"rendered":"\n<p>REGULAMIN SKLEPU INTERNETOWEGO<\/p>\n\n\n\n<p>\u00a7 1<\/p>\n\n\n\n<p>sklep.magiaexcela.pl<\/p>\n\n\n\n<p>POSTANOWIENIA OG\u00d3LNE<\/p>\n\n\n\n<p>Strona sklep.magiaexcela.pl, zwana dalej sklepem www.magiaexcela.pl dzia\u0142a na&nbsp;zasadach okre\u015blonych w niniejszym Regulaminie.<\/p>\n\n\n\n<p>&nbsp;&nbsp;&nbsp; Regulamin okre\u015bla warunki zawierania i&nbsp;rozwi\u0105zywania Um\u00f3w Sprzeda\u017cy Produktu oraz tryb post\u0119powania reklamacyjnego, a tak\u017ce rodzaje i zakres us\u0142ug \u015bwiadczonych drog\u0105 elektroniczn\u0105 przez Sklep www.magiaexcela.pl, zasady \u015bwiadczenia tych us\u0142ug, warunki zawierania i&nbsp;rozwi\u0105zywania um\u00f3w o&nbsp;\u015bwiadczenie us\u0142ug drog\u0105 elektroniczn\u0105.<\/p>\n\n\n\n<p>&nbsp;&nbsp;&nbsp; Ka\u017cdy Us\u0142ugobiorca z&nbsp;chwil\u0105 podj\u0119cia czynno\u015bci zmierzaj\u0105cych do korzystania z&nbsp;Us\u0142ug Elektronicznych Sklepu www.magiaexcela.pl zobowi\u0105zany jest do&nbsp;przestrzegania postanowie\u0144 niniejszego Regulaminu.<\/p>\n\n\n\n<p>&nbsp;&nbsp;&nbsp; W sprawach nieuregulowanych w&nbsp;niniejszym Regulaminie maj\u0105 zastosowanie przepisy:<\/p>\n\n\n\n<p>&nbsp;&nbsp;&nbsp;&nbsp;&nbsp;&nbsp;&nbsp; ustawy o&nbsp;\u015bwiadczeniu us\u0142ug drog\u0105 elektroniczn\u0105 z&nbsp;dnia 18 lipca 2002 r.,<\/p>\n\n\n\n<p>&nbsp;&nbsp;&nbsp;&nbsp;&nbsp;&nbsp;&nbsp; ustawy o&nbsp;prawach konsumenta z&nbsp;dnia 30 maja 2014 r.,<\/p>\n\n\n\n<p>&nbsp;&nbsp;&nbsp;&nbsp;&nbsp;&nbsp;&nbsp; ustawy o&nbsp;pozas\u0105dowym rozwi\u0105zywaniu spor\u00f3w konsumenckich z&nbsp;dnia 23 wrze\u015bnia 2016 r.,<\/p>\n\n\n\n<p>&nbsp;&nbsp;&nbsp;&nbsp;&nbsp;&nbsp;&nbsp; ustawy Kodeks cywilny z&nbsp;dnia 23 kwietnia 1964 r. oraz inne w\u0142a\u015bciwe przepisy prawa polskiego.<\/p>\n\n\n\n<p>\u00a7 2<\/p>\n\n\n\n<p>DEFINICJE ZAWARTE W&nbsp;REGULAMINIE<\/p>\n\n\n\n<p>&nbsp;&nbsp;&nbsp; FORMULARZ ZAM\u00d3WIENIA \u2013 formularz dost\u0119pny na&nbsp;stronie internetowej www.magiaexcela.pl umo\u017cliwiaj\u0105cy z\u0142o\u017cenie Zam\u00f3wienia.<\/p>\n\n\n\n<p>&nbsp;&nbsp;&nbsp; KLIENT \u2013 Us\u0142ugobiorca, kt\u00f3ry zamierza zawrze\u0107 lub zawar\u0142 Umow\u0119 Sprzeda\u017cy ze&nbsp;Sprzedawc\u0105.<\/p>\n\n\n\n<p>&nbsp;&nbsp;&nbsp; KONSUMENT \u2013 osoba fizyczna, kt\u00f3ra dokonuje z&nbsp;przedsi\u0119biorc\u0105 czynno\u015bci prawnej niezwi\u0105zanej bezpo\u015brednio z&nbsp;jej dzia\u0142alno\u015bci\u0105 gospodarcz\u0105 lub zawodow\u0105.<\/p>\n\n\n\n<p>&nbsp;&nbsp;&nbsp; PRODUKT \u2013 dost\u0119pna w&nbsp;Sklepie rzecz ruchoma b\u0119d\u0105ca przedmiotem Umowy Sprzeda\u017cy mi\u0119dzy Klientem a Sprzedawc\u0105.<\/p>\n\n\n\n<p>&nbsp;&nbsp;&nbsp; REGULAMIN &#8211; niniejszy regulamin Sklepu.<\/p>\n\n\n\n<p>&nbsp;&nbsp;&nbsp; SKLEP &#8211; Sklep internetowy Us\u0142ugodawcy dzia\u0142aj\u0105cy pod adresem www.magiaexcela.pl.<\/p>\n\n\n\n<p>&nbsp;&nbsp;&nbsp; SPRZEDAWCA, US\u0141UGODAWCA \u2013 X-MART Tomasz Zarzyka Kr\u0119\u017cnica Jara 417, 20-515 Kr\u0119\u017cnica Jara, NIP: 7121625493<\/p>\n\n\n\n<p>&nbsp;&nbsp; &nbsp;UMOWA SPRZEDA\u017bY \u2013 Umowa Sprzeda\u017cy Produktu zawarta mi\u0119dzy Klientem, a Sprzedawc\u0105 za&nbsp;po\u015brednictwem Sklepu.<\/p>\n\n\n\n<p>&nbsp;&nbsp;&nbsp; ZAM\u00d3WIENIE &#8211; o\u015bwiadczenie woli Klienta stanowi\u0105ce ofert\u0119 zawarcia Umowy Sprzeda\u017cy Produktu ze&nbsp;Sprzedawc\u0105.<\/p>\n\n\n\n<p>\u00a7 3<\/p>\n\n\n\n<p>INFORMACJE DOTYCZ\u0104CE PRODUKT\u00d3W ORAZ ICH ZAMAWIANIA<\/p>\n\n\n\n<p>&nbsp;&nbsp;&nbsp; Sklep www.magiaexcela.pl prowadzi sprzeda\u017c Produkt\u00f3w fizycznych i wirtualnych za&nbsp;po\u015brednictwem sieci Internet.<\/p>\n\n\n\n<p>&nbsp;&nbsp;&nbsp; Produkty oferowane w&nbsp;Sklepie s\u0105 nowe, wolne od wad fizycznych i prawnych i&nbsp;zosta\u0142y legalnie wprowadzone na&nbsp;rynek polski.<\/p>\n\n\n\n<p>&nbsp;&nbsp;&nbsp; Informacje znajduj\u0105ce si\u0119 na&nbsp;stronach internetowych Sklepu nie stanowi\u0105 oferty w&nbsp;rozumieniu przepis\u00f3w prawa. Klient, sk\u0142adaj\u0105c Zam\u00f3wienie, sk\u0142ada ofert\u0119 kupna okre\u015blonego Produktu na warunkach podanych w&nbsp;jego opisie.<\/p>\n\n\n\n<p>&nbsp;&nbsp;&nbsp; Cena Produktu uwidoczniona na&nbsp;stronie internetowej Sklepu podana jest w z\u0142otych polskich (PLN) i&nbsp;zawiera wszystkie sk\u0142adniki. Cena nie zawiera koszt\u00f3w dostawy.<\/p>\n\n\n\n<p>&nbsp;&nbsp;&nbsp; Zam\u00f3wienia mo\u017cna sk\u0142ada\u0107 poprzez witryn\u0119 internetow\u0105 za&nbsp;pomoc\u0105 Formularza Zam\u00f3wie\u0144 (Sklep www.magiaexcela.pl) \u2013 24 godziny na&nbsp;dob\u0119 przez ca\u0142y rok.<\/p>\n\n\n\n<p>&nbsp;&nbsp;&nbsp; Warunkiem z\u0142o\u017cenia Zam\u00f3wienia w&nbsp;Sklepie przez Klienta jest zapoznanie si\u0119 z&nbsp;Regulaminem i&nbsp;akceptacja jego postanowie\u0144 w&nbsp;czasie sk\u0142adania Zam\u00f3wienia.<\/p>\n\n\n\n<p>\u00a7 4<\/p>\n\n\n\n<p>ZAWARCIE UMOWY SPRZEDA\u017bY<\/p>\n\n\n\n<p>&nbsp;&nbsp;&nbsp; Do zawarcia Umowy Sprzeda\u017cy, niezb\u0119dne jest wcze\u015bniejsze z\u0142o\u017cenie przez Klienta Zam\u00f3wienia udost\u0119pnionym przez Sprzedawc\u0119 sposobem, zgodnie z&nbsp;\u00a7 3 pkt 5 oraz 6 Regulaminu.<\/p>\n\n\n\n<p>&nbsp;&nbsp;&nbsp; Po z\u0142o\u017ceniu Zam\u00f3wienia Sprzedawca niezw\u0142ocznie potwierdza jego otrzymanie.<\/p>\n\n\n\n<p>&nbsp;&nbsp;&nbsp; Potwierdzenie przyj\u0119cia Zam\u00f3wienia, o&nbsp;kt\u00f3rym mowa w&nbsp;pkt 2 niniejszego paragrafu powoduje zwi\u0105zanie Klienta jego Zam\u00f3wieniem. Potwierdzenie otrzymania Zam\u00f3wienia nast\u0119puje poprzez przes\u0142anie wiadomo\u015bci e-mail.<\/p>\n\n\n\n<p>&nbsp;&nbsp;&nbsp; Potwierdzenie otrzymania Zam\u00f3wienia zawiera:<\/p>\n\n\n\n<p>&nbsp;&nbsp;&nbsp;&nbsp;&nbsp;&nbsp;&nbsp; potwierdzenie wszystkich istotnych element\u00f3w Zam\u00f3wienia,<\/p>\n\n\n\n<p>&nbsp;&nbsp;&nbsp;&nbsp;&nbsp;&nbsp;&nbsp; formularz odst\u0105pienia od umowy,<\/p>\n\n\n\n<p>&nbsp;&nbsp;&nbsp;&nbsp;&nbsp;&nbsp;&nbsp; niniejszy Regulamin zawieraj\u0105cy pouczenie o&nbsp;prawie do&nbsp;odst\u0105pienia od umowy.<\/p>\n\n\n\n<p>&nbsp;&nbsp;&nbsp; Z chwil\u0105 otrzymania przez Klienta wiadomo\u015bci e-mail, o&nbsp;kt\u00f3rej mowa w&nbsp;pkt 4 niniejszego paragrafu, zostaje zawarta Umowa Sprzeda\u017cy mi\u0119dzy Klientem, a Sprzedawc\u0105.<\/p>\n\n\n\n<p>&nbsp;&nbsp;&nbsp; Ka\u017cda Umowa Sprzeda\u017cy b\u0119dzie potwierdzana dowodem zakupu, kt\u00f3ry b\u0119dzie do\u0142\u0105czany do&nbsp;Produktu.<\/p>\n\n\n\n<p>\u00a7 5<\/p>\n\n\n\n<p>SPOSOBY P\u0141ATNO\u015aCI<\/p>\n\n\n\n<p>&nbsp;&nbsp;&nbsp; Sprzedawca udost\u0119pnia nast\u0119puj\u0105ce sposoby p\u0142atno\u015bci:<\/p>\n\n\n\n<p>&nbsp;&nbsp;&nbsp;&nbsp;&nbsp;&nbsp;&nbsp; p\u0142atno\u015b\u0107 przelewem tradycyjnym na&nbsp;rachunek bankowy Sprzedawcy,<\/p>\n\n\n\n<p>&nbsp;&nbsp;&nbsp;&nbsp;&nbsp;&nbsp;&nbsp; p\u0142atno\u015b\u0107 za&nbsp;po\u015brednictwem elektronicznego systemu p\u0142atno\u015bci.<\/p>\n\n\n\n<p>&nbsp;&nbsp;&nbsp; W przypadku p\u0142atno\u015bci przelewem tradycyjnym, wp\u0142aty nale\u017cy dokona\u0107 na&nbsp;rachunek bankowy numer: 98 1050 1953 1000 0097 2151 6111<\/p>\n\n\n\n<p>W&nbsp;tytule przelewu nale\u017cy wpisa\u0107 \u201eZam\u00f3wienie nr \u2026\u201d.<\/p>\n\n\n\n<p>&nbsp;&nbsp;&nbsp; W przypadku p\u0142atno\u015bci za&nbsp;po\u015brednictwem elektronicznego systemu p\u0142atno\u015bci Klient dokonuje zap\u0142aty przed rozpocz\u0119ciem realizacji Zam\u00f3wienia. Elektroniczny system p\u0142atno\u015bci umo\u017cliwia dokonanie p\u0142atno\u015bci za&nbsp;pomoc\u0105 karty kredytowej lub szybkiego przelewu z wybranych polskich bank\u00f3w.<\/p>\n\n\n\n<p>&nbsp;&nbsp;&nbsp; Klient zobowi\u0105zany jest do&nbsp;dokonania zap\u0142aty ceny z&nbsp;tytu\u0142u Umowy Sprzeda\u017cy w&nbsp;terminie 2 dni roboczych od dnia jej zawarcia, chyba \u017ce Umowa Sprzeda\u017cy stanowi inaczej.<\/p>\n\n\n\n<p>&nbsp;&nbsp;&nbsp; Produkt zostanie wys\u0142any dopiero po jego op\u0142aceniu.<\/p>\n\n\n\n<p>\u00a7 6<\/p>\n\n\n\n<p>KOSZT, TERMIN I&nbsp;SPOSOBY DOSTAWY PRODUKTU<\/p>\n\n\n\n<p>&nbsp;&nbsp; Je\u017celi produkt jest przedmiotem fizycznym, koszty dostawy Produktu, kt\u00f3re pokrywa Klient, s\u0105 ustalane w&nbsp;trakcie procesu sk\u0142adania Zam\u00f3wienia.&nbsp; Na termin dostawy Produktu sk\u0142ada si\u0119 czas kompletowania Produktu oraz czas dostawy Produktu przez przewo\u017anika:<\/p>\n\n\n\n<p>&nbsp;&nbsp;&nbsp;&nbsp;&nbsp;&nbsp;&nbsp; czas kompletowania Produkt\u00f3w wynosi 2 dni roboczych,<\/p>\n\n\n\n<p>&nbsp;&nbsp;&nbsp;&nbsp;&nbsp;&nbsp;&nbsp; dostawa Produkt\u00f3w stanowi\u0105cych rzeczy ruchome przez przewo\u017anika nast\u0119puje w&nbsp;terminie przez niego deklarowanym tj. 3 dni roboczych od momentu nadania przesy\u0142ki (dostawa nast\u0119puje wy\u0142\u0105cznie w&nbsp;dni robocze z&nbsp;wy\u0142\u0105czeniem sob\u00f3t, niedziel i \u015bwi\u0105t).<\/p>\n\n\n\n<p>Zakupione w&nbsp;Sklepie Produkty s\u0105 wysy\u0142ane wy\u0142\u0105cznie na&nbsp;terenie Polski za po\u015brednictwem Poczty Polskiej lub firmy kurierskiej.<\/p>\n\n\n\n<p>Je\u017celi produkt jest przedmiotem wirtualnym, dostawa nast\u0119puje niezw\u0142ocznie po wygenerowaniu potwierdzenia otrzymania p\u0142atno\u015bci po stronie Sprzedawcy. Towar jest dostarczany drog\u0105 elektroniczn\u0105 na adres e-mail podany przez Zamawiaj\u0105cego.<\/p>\n\n\n\n<p>\u00a7 7<\/p>\n\n\n\n<p>REKLAMACJA PRODUKTU<\/p>\n\n\n\n<p>&nbsp;&nbsp;&nbsp; Reklamacja z&nbsp;tytu\u0142u r\u0119kojmi.<\/p>\n\n\n\n<p>&nbsp;&nbsp;&nbsp;&nbsp;&nbsp;&nbsp;&nbsp; Podstawa i&nbsp;zakres odpowiedzialno\u015bci Sprzedawcy wobec Klienta b\u0119d\u0105cego Konsumentem z&nbsp;tytu\u0142u r\u0119kojmi obejmuj\u0105cej wady fizyczne i&nbsp;prawne, s\u0105 okre\u015blone w&nbsp;ustawie Kodeks cywilny z&nbsp;dnia 23 kwietnia 1964 r.,<\/p>\n\n\n\n<p>&nbsp;&nbsp;&nbsp;&nbsp;&nbsp;&nbsp;&nbsp; Zawiadomienia o&nbsp;wadach dotycz\u0105cych Produktu oraz zg\u0142oszenie odpowiedniego \u017c\u0105dania mo\u017cna dokona\u0107 za&nbsp;po\u015brednictwem poczty elektronicznej na&nbsp;adres: sklep@magiaexcela.pl lub pisemnie na&nbsp;adres: X-MART Tomasz Zarzyka, ul. Wolska 11A 20-411 Lublin.<\/p>\n\n\n\n<p>&nbsp;&nbsp;&nbsp;&nbsp;&nbsp;&nbsp;&nbsp; W wiadomo\u015bci w&nbsp;formie pisemnej lub elektronicznej nale\u017cy poda\u0107 jak najwi\u0119cej informacji i&nbsp;okoliczno\u015bci dotycz\u0105cych przedmiotu reklamacji, w&nbsp;szczeg\u00f3lno\u015bci rodzaj i&nbsp;dat\u0119 wyst\u0105pienia nieprawid\u0142owo\u015bci oraz dane kontaktowe. Podane informacje znacznie u\u0142atwi\u0105 i&nbsp;przyspiesz\u0105 rozpatrzenie reklamacji przez Sprzedawc\u0119,<\/p>\n\n\n\n<p>&nbsp;&nbsp;&nbsp;&nbsp;&nbsp;&nbsp;&nbsp; Sprzedawca ustosunkuje si\u0119 do&nbsp;\u017c\u0105dania Klienta niezw\u0142ocznie, nie p\u00f3\u017aniej ni\u017c w&nbsp;terminie 14 dni od momentu zg\u0142oszenia reklamacji,<\/p>\n\n\n\n<p>&nbsp;&nbsp;&nbsp;&nbsp;&nbsp;&nbsp;&nbsp; W przypadku reklamacji Klienta b\u0119d\u0105cego Konsumentem \u2013 nierozpatrzenie reklamacji w&nbsp;terminie 14 dni od jej zg\u0142oszenia jest jednoznaczne z&nbsp;jej uwzgl\u0119dnieniem. W&nbsp;zwi\u0105zku z&nbsp;uzasadnion\u0105 reklamacj\u0105 Klienta b\u0119d\u0105cego Konsumentem, Sprzedawca pokrywa koszty odbioru, dostawy i&nbsp;wymiany Produktu na&nbsp;wolny od wad.<\/p>\n\n\n\n<p>Odpowied\u017a na&nbsp;reklamacj\u0119 jest przekazywana na&nbsp;papierze lub innym trwa\u0142ym no\u015bniku np. wiadomo\u015b\u0107 mailowa lub SMS.<\/p>\n\n\n\n<p>\u00a7 8<\/p>\n\n\n\n<p>PRAWO ODST\u0104PIENIA OD UMOWY<\/p>\n\n\n\n<p>&nbsp;&nbsp;&nbsp; Z zastrze\u017ceniem pkt 10 niniejszego paragrafu, Klient b\u0119d\u0105cy jednocze\u015bnie Konsumentem, kt\u00f3ry zawar\u0142 umow\u0119 na&nbsp;odleg\u0142o\u015b\u0107, mo\u017ce od niej odst\u0105pi\u0107 bez podania przyczyn, sk\u0142adaj\u0105c stosowne o\u015bwiadczenie w&nbsp;terminie 14 dni.<\/p>\n\n\n\n<p>&nbsp;&nbsp;&nbsp; W razie odst\u0105pienia od umowy, Umowa Sprzeda\u017cy jest uwa\u017cana za niezawart\u0105, a Konsument ma&nbsp;obowi\u0105zek zwr\u00f3ci\u0107 Produkt Sprzedawcy lub przekaza\u0107 go osobie upowa\u017cnionej przez Sprzedawc\u0119 do&nbsp;odbioru niezw\u0142ocznie, jednak nie p\u00f3\u017aniej ni\u017c 14 dni od dnia, w&nbsp;kt\u00f3rym odst\u0105pi\u0142 od umowy, chyba \u017ce Sprzedawca zaproponowa\u0142, \u017ce sam odbierze Produkt. Do&nbsp;zachowania terminu wystarczy odes\u0142anie Produktu przed jego up\u0142ywem.<\/p>\n\n\n\n<p>&nbsp;&nbsp;&nbsp; W przypadku odst\u0105pienia od Umowy Sprzeda\u017cy nale\u017cy dokona\u0107 zwrotu Produktu na&nbsp;adres: X-mart Group Sp. z o.o. Group ul. Wolska 11A 20-411 Lublin<\/p>\n\n\n\n<p>&nbsp;&nbsp;&nbsp; Konsument ponosi odpowiedzialno\u015b\u0107 za&nbsp;zmniejszenie warto\u015bci Produktu b\u0119d\u0105ce wynikiem korzystania z&nbsp;niego w&nbsp;spos\u00f3b wykraczaj\u0105cy poza konieczny do&nbsp;stwierdzenia charakteru, cech i&nbsp;funkcjonowania Produktu. W&nbsp;celu stwierdzenia charakteru, cech i&nbsp;funkcjonowania Produkt\u00f3w Konsument powinien obchodzi\u0107 si\u0119 z&nbsp;Produktami i&nbsp;sprawdza\u0107 je tylko w&nbsp;taki sam spos\u00f3b, w&nbsp;jaki m\u00f3g\u0142by to zrobi\u0107 w&nbsp;sklepie stacjonarnym.<\/p>\n\n\n\n<p>&nbsp;&nbsp;&nbsp; Z zastrze\u017ceniem pkt 6 oraz 8 niniejszego paragrafu, Sprzedawca dokona zwrotu warto\u015bci Produktu wraz z&nbsp;kosztami jego dostawy przy u\u017cyciu takiego samego sposobu zap\u0142aty, jakiego u\u017cy\u0142 Konsument, chyba \u017ce Konsument wyra\u017anie zgodzi\u0142 si\u0119 na&nbsp;inny spos\u00f3b zwrotu, kt\u00f3ry nie wi\u0105\u017ce si\u0119 dla niego z&nbsp;\u017cadnymi kosztami. Z&nbsp;zastrze\u017ceniem pkt 7 niniejszego paragrafu, zwrot nast\u0105pi niezw\u0142ocznie, a najp\u00f3\u017aniej w&nbsp;terminie 14 dni od momentu otrzymania przez Sprzedawc\u0119 o\u015bwiadczenia o&nbsp;odst\u0105pieniu od Umowy Sprzeda\u017cy.<\/p>\n\n\n\n<p>&nbsp;&nbsp;&nbsp; Je\u017celi Konsument wybra\u0142 spos\u00f3b dostawy Produktu inny ni\u017c najta\u0144szy zwyk\u0142y spos\u00f3b dostarczenia oferowany przez Sklep, Sprzedawca nie jest zobowi\u0105zany do&nbsp;zwrotu mu, poniesionych przez niego dodatkowych koszt\u00f3w.<\/p>\n\n\n\n<p>&nbsp;&nbsp;&nbsp; Je\u017celi Sprzedawca nie zaproponowa\u0142, \u017ce sam odbierze Produkt od Konsumenta mo\u017ce wstrzyma\u0107 si\u0119 ze&nbsp;zwrotem p\u0142atno\u015bci otrzymanych od Konsumenta do&nbsp;chwili otrzymania rzeczy z&nbsp;powrotem lub dostarczenia dowodu jej odes\u0142ania, w&nbsp;zale\u017cno\u015bci od tego, kt\u00f3re zdarzenie nast\u0105pi wcze\u015bniej.<\/p>\n\n\n\n<p>&nbsp;&nbsp;&nbsp; Konsument odst\u0119puj\u0105cy od Umowy Sprzeda\u017cy, zgodnie z&nbsp;pkt 1 niniejszego paragrafu, ponosi jedynie koszty odes\u0142ania Produktu do&nbsp;Sprzedawcy.<\/p>\n\n\n\n<p>&nbsp;&nbsp;&nbsp; Termin czternastodniowy, w&nbsp;kt\u00f3rym Konsument mo\u017ce odst\u0105pi\u0107 od umowy, liczy si\u0119 od dnia, w&nbsp;kt\u00f3rym Konsument obj\u0105\u0142 Produkt w posiadanie, a w&nbsp;przypadku us\u0142ugi od dnia zawarcia umowy.<\/p>\n\n\n\n<p>&nbsp;&nbsp;&nbsp; Prawo odst\u0105pienia od umowy zawartej na&nbsp;odleg\u0142o\u015b\u0107 nie przys\u0142uguje Konsumentowi w&nbsp;wypadku Umowy Sprzeda\u017cy m.in., w&nbsp;kt\u00f3rej przedmiotem \u015bwiadczenia jest rzecz nieprefabrykowana, wyprodukowana wed\u0142ug specyfikacji konsumenta lub s\u0142u\u017c\u0105ca zaspokojeniu jego zindywidualizowanych potrzeb,<\/p>\n\n\n\n<p>&nbsp;&nbsp;&nbsp; Prawo odst\u0105pienia od Umowy Sprzeda\u017cy przys\u0142uguje zar\u00f3wno Sprzedawcy, jak i&nbsp;Klientowi, w&nbsp;przypadku niewykonania przez drug\u0105 stron\u0119 umowy swojego zobowi\u0105zania w&nbsp;terminie \u015bci\u015ble okre\u015blonym.<\/p>\n\n\n\n<p>W przypadku zakupu Produktu wirtualnego, prawo do odst\u0105pienia od umowy przez Konsumenta jest okre\u015blone w przepisach og\u00f3lnych. Je\u017celi Sprzedawca ogranicza prawo do odst\u0105pienia od tej kategorii produkt\u00f3w, to Konsument zostanie o tym poinformowany przed zawi\u0105zaniem umowy.<\/p>\n\n\n\n<p>\u00a7 9<\/p>\n\n\n\n<p>RODZAJ I ZAKRES US\u0141UG ELEKTRONICZNYCH<\/p>\n\n\n\n<p>&nbsp;&nbsp;&nbsp; Us\u0142ugodawca umo\u017cliwia za&nbsp;po\u015brednictwem Sklepu korzystanie z&nbsp;Us\u0142ugi Elektronicznej jak\u0105 jest zawieranie Um\u00f3w Sprzeda\u017cy Produktu.<\/p>\n\n\n\n<p>&nbsp;&nbsp;&nbsp; \u015awiadczenie Us\u0142ugi Elektronicznej na&nbsp;rzecz Us\u0142ugobiorc\u00f3w w&nbsp;Sklepie odbywa si\u0119 na&nbsp;warunkach okre\u015blonych w&nbsp;Regulaminie.<\/p>\n\n\n\n<p>&nbsp;&nbsp;&nbsp; Us\u0142ugodawca ma&nbsp;prawo do&nbsp;zamieszczania na&nbsp;stronie internetowej Sklepu tre\u015bci reklamowych. Tre\u015bci te, stanowi\u0105 integraln\u0105 cz\u0119\u015b\u0107 Sklepu i prezentowanych w&nbsp;nim materia\u0142\u00f3w.<\/p>\n\n\n\n<p>\u00a7 10<\/p>\n\n\n\n<p>WARUNKI \u015aWIADCZENIA I&nbsp;ZAWIERANIA UM\u00d3W O&nbsp;\u015aWIADCZENIE US\u0141UG ELEKTRONICZNYCH<\/p>\n\n\n\n<p>&nbsp;&nbsp;&nbsp; \u015awiadczenie Us\u0142ugi Elektronicznej okre\u015blonej w&nbsp;\u00a7 9 pkt 1 Regulaminu przez Us\u0142ugodawc\u0119 jest nieodp\u0142atne.<\/p>\n\n\n\n<p>&nbsp;&nbsp;&nbsp; Umowa o&nbsp;\u015bwiadczenie Us\u0142ugi Elektronicznej polegaj\u0105cej na&nbsp;umo\u017cliwieniu z\u0142o\u017cenia Zam\u00f3wienia w&nbsp;Sklepie zawierana jest na&nbsp;czas oznaczony i ulega rozwi\u0105zaniu z&nbsp;chwil\u0105 z\u0142o\u017cenia Zam\u00f3wienia albo zaprzestania jego sk\u0142adania przez Us\u0142ugobiorc\u0119.<\/p>\n\n\n\n<p>&nbsp;&nbsp;&nbsp; Wymagania techniczne niezb\u0119dne do&nbsp;wsp\u00f3\u0142pracy z&nbsp;systemem teleinformatycznym, kt\u00f3rym pos\u0142uguje si\u0119 Us\u0142ugodawca:<\/p>\n\n\n\n<p>&nbsp;&nbsp;&nbsp;&nbsp;&nbsp;&nbsp;&nbsp; komputer (lub urz\u0105dzenie mobilne) z&nbsp;dost\u0119pem do&nbsp;Internetu,<\/p>\n\n\n\n<p>&nbsp;&nbsp;&nbsp;&nbsp;&nbsp;&nbsp;&nbsp; dost\u0119p do&nbsp;poczty elektronicznej,<\/p>\n\n\n\n<p>&nbsp;&nbsp;&nbsp;&nbsp;&nbsp;&nbsp;&nbsp; przegl\u0105darka internetowa,<\/p>\n\n\n\n<p>&nbsp;&nbsp;&nbsp;&nbsp;&nbsp;&nbsp;&nbsp; w\u0142\u0105czenie w&nbsp;przegl\u0105darce internetowej Cookies oraz Javascript.<\/p>\n\n\n\n<p>&nbsp;&nbsp;&nbsp; Us\u0142ugobiorca zobowi\u0105zany jest do&nbsp;korzystania ze&nbsp;Sklepu w&nbsp;spos\u00f3b zgodny z&nbsp;prawem i&nbsp;dobrymi obyczajami maj\u0105c na&nbsp;uwadze poszanowanie d\u00f3br osobistych i&nbsp;praw w\u0142asno\u015bci intelektualnej os\u00f3b trzecich.<\/p>\n\n\n\n<p>&nbsp;&nbsp;&nbsp; Us\u0142ugobiorca zobowi\u0105zany jest do&nbsp;wprowadzania danych zgodnych ze&nbsp;stanem faktycznym.<\/p>\n\n\n\n<p>&nbsp;&nbsp;&nbsp; Us\u0142ugobiorc\u0119 obowi\u0105zuje zakaz dostarczania tre\u015bci o&nbsp;charakterze bezprawnym.<\/p>\n\n\n\n<p>\u00a7 11<\/p>\n\n\n\n<p>REKLAMACJE ZWI\u0104ZANE ZE \u015aWIADCZENIEM US\u0141UG ELEKTRONICZNYCH<\/p>\n\n\n\n<p>&nbsp;&nbsp;&nbsp; Reklamacje zwi\u0105zane ze&nbsp;\u015bwiadczeniem Us\u0142ugi Elektronicznej za&nbsp;po\u015brednictwem Sklepu Us\u0142ugobiorca mo\u017ce sk\u0142ada\u0107 za&nbsp;po\u015brednictwem poczty elektronicznej na&nbsp;adres: sklep@magiaexcela.pl<\/p>\n\n\n\n<p>&nbsp;&nbsp;&nbsp; W powy\u017cszej wiadomo\u015bci e-mail, nale\u017cy poda\u0107 jak najwi\u0119cej informacji i&nbsp;okoliczno\u015bci dotycz\u0105cych przedmiotu reklamacji, w szczeg\u00f3lno\u015bci rodzaj i&nbsp;dat\u0119 wyst\u0105pienia nieprawid\u0142owo\u015bci oraz dane kontaktowe. Podane informacje znacznie u\u0142atwi\u0105 i&nbsp;przyspiesz\u0105 rozpatrzenie reklamacji przez Us\u0142ugodawc\u0119.<\/p>\n\n\n\n<p>&nbsp;&nbsp;&nbsp; Rozpatrzenie reklamacji przez Us\u0142ugodawc\u0119 nast\u0119puje niezw\u0142ocznie, nie p\u00f3\u017aniej ni\u017c w&nbsp;terminie 14 dni od momentu zg\u0142oszenia.<\/p>\n\n\n\n<p>&nbsp;&nbsp;&nbsp; Odpowied\u017a Us\u0142ugodawcy w&nbsp;sprawie reklamacji jest wysy\u0142ana na&nbsp;adres e-mail Us\u0142ugobiorcy podany w&nbsp;zg\u0142oszeniu reklamacyjnym lub w&nbsp;inny podany przez Us\u0142ugobiorc\u0119 spos\u00f3b<\/p>\n\n\n\n<p>\u00a7 12<\/p>\n\n\n\n<p>POSTANOWIENIA KO\u0143COWE<\/p>\n\n\n\n<p>&nbsp;&nbsp;&nbsp; Umowy zawierane poprzez Sklep zawierane s\u0105 zgodnie z&nbsp;prawem polskim.<\/p>\n\n\n\n<p>&nbsp;&nbsp;&nbsp; W przypadku niezgodno\u015bci jakiejkolwiek cz\u0119\u015bci Regulaminu z obowi\u0105zuj\u0105cym prawem, w&nbsp;miejsce zakwestionowanego przepisu Regulaminu zastosowanie maj\u0105 w\u0142a\u015bciwe przepisy prawa polskiego.<\/p>\n\n\n\n<p>&nbsp;&nbsp;&nbsp; Wszelkie spory wynik\u0142e z&nbsp;Um\u00f3w Sprzeda\u017cy mi\u0119dzy Sklepem, a Konsumentami b\u0119d\u0105 rozstrzygane w&nbsp;pierwszej kolejno\u015bci na&nbsp;drodze negocjacji, z intencj\u0105 polubownego zako\u0144czenia sporu, z&nbsp;uwzgl\u0119dnieniem ustawy o pozas\u0105dowym rozwi\u0105zywaniu spor\u00f3w konsumenckich. Je\u015bli jednak nie by\u0142oby to mo\u017cliwe, lub te\u017c by\u0142oby niesatysfakcjonuj\u0105ce dla kt\u00f3rejkolwiek ze&nbsp;stron, spory b\u0119d\u0105 rozstrzygane przez w\u0142a\u015bciwy s\u0105d powszechny, zgodnie z&nbsp;pkt 4 niniejszego paragrafu.<\/p>\n\n\n\n<p>&nbsp;&nbsp;&nbsp; Ewentualne spory powsta\u0142e pomi\u0119dzy Us\u0142ugodawc\u0105, a Us\u0142ugobiorc\u0105 (Klientem) b\u0119d\u0105cym jednocze\u015bnie Konsumentem zostaj\u0105 poddane s\u0105dom w\u0142a\u015bciwym zgodnie z&nbsp;przepisami kodeksu post\u0119powania cywilnego z dnia 17 listopada 1964 r.<\/p>\n\n\n\n<p>&nbsp;&nbsp;&nbsp; Klient b\u0119d\u0105cy Konsumentem ma&nbsp;r\u00f3wnie\u017c prawo do&nbsp;skorzystania z pozas\u0105dowych sposob\u00f3w rozstrzygania spor\u00f3w w&nbsp;szczeg\u00f3lno\u015bci poprzez z\u0142o\u017cenie po zako\u0144czeniu post\u0119powania reklamacyjnego wniosku o&nbsp;wszcz\u0119cie mediacji lub wniosku o&nbsp;rozpatrzenie sprawy przez s\u0105d polubowny (wniosek mo\u017cna pobra\u0107 na&nbsp;stronie internetowej http:\/\/www.uokik.gov.pl\/download.php?plik=6223). Wykaz Sta\u0142ych Polubownych S\u0105d\u00f3w Konsumenckich dzia\u0142aj\u0105cych przy Wojew\u00f3dzkich Inspektoratach Inspekcji Handlowej dost\u0119pny jest na&nbsp;stronie internetowej: http:\/\/www.uokik.gov.pl\/wazne_adresy.php#faq596. Konsument mo\u017ce skorzysta\u0107 tak\u017ce z&nbsp;bezp\u0142atnej pomocy powiatowego (miejskiego) rzecznika konsument\u00f3w lub organizacji spo\u0142ecznej, do kt\u00f3rej zada\u0144 statutowych nale\u017cy ochrona konsument\u00f3w. Pozas\u0105dowe dochodzenie roszcze\u0144 po zako\u0144czeniu post\u0119powania reklamacyjnego jest bezp\u0142atne.<\/p>\n\n\n\n<p>&nbsp;&nbsp;&nbsp; Konsument w&nbsp;celu polubownego rozwi\u0105zania sporu mo\u017ce w&nbsp;szczeg\u00f3lno\u015bci z\u0142o\u017cy\u0107 skarg\u0119 za&nbsp;po\u015brednictwem platformy internetowej ODR (Online Dispute Resolution), dost\u0119pnej pod adresem: http:\/\/ec.europa.eu\/consumers\/odr\/.<\/p>\n\n\n\n<p>&nbsp;&nbsp;&nbsp; Dokument opracowany za&nbsp;pomoc\u0105 automatycznego generatora dost\u0119pnego na&nbsp;stroniewww.lexlab.pl\/generator-regulaminu<\/p>\n","protected":false},"excerpt":{"rendered":"<p>REGULAMIN SKLEPU INTERNETOWEGO \u00a7 1 sklep.magiaexcela.pl POSTANOWIENIA OG\u00d3LNE Strona sklep.magiaexcela.pl, zwana dalej sklepem www.magiaexcela.pl dzia\u0142a na&nbsp;zasadach okre\u015blonych w niniejszym Regulaminie. &nbsp;&nbsp;&nbsp; Regulamin okre\u015bla warunki zawierania i&nbsp;rozwi\u0105zywania Um\u00f3w Sprzeda\u017cy Produktu oraz tryb post\u0119powania reklamacyjnego, a tak\u017ce rodzaje i zakres us\u0142ug \u015bwiadczonych drog\u0105 elektroniczn\u0105 przez Sklep www.magiaexcela.pl, zasady \u015bwiadczenia tych us\u0142ug, warunki zawierania i&nbsp;rozwi\u0105zywania um\u00f3w o&nbsp;\u015bwiadczenie us\u0142ug [&hellip;]<\/p>\n","protected":false},"author":1,"featured_media":0,"parent":0,"menu_order":0,"comment_status":"closed","ping_status":"closed","template":"","meta":{"footnotes":""},"class_list":["post-27","page","type-page","status-publish","hentry"],"_links":{"self":[{"href":"https:\/\/sklep.magiaexcela.pl\/index.php\/wp-json\/wp\/v2\/pages\/27","targetHints":{"allow":["GET"]}}],"collection":[{"href":"https:\/\/sklep.magiaexcela.pl\/index.php\/wp-json\/wp\/v2\/pages"}],"about":[{"href":"https:\/\/sklep.magiaexcela.pl\/index.php\/wp-json\/wp\/v2\/types\/page"}],"author":[{"embeddable":true,"href":"https:\/\/sklep.magiaexcela.pl\/index.php\/wp-json\/wp\/v2\/users\/1"}],"replies":[{"embeddable":true,"href":"https:\/\/sklep.magiaexcela.pl\/index.php\/wp-json\/wp\/v2\/comments?post=27"}],"version-history":[{"count":1,"href":"https:\/\/sklep.magiaexcela.pl\/index.php\/wp-json\/wp\/v2\/pages\/27\/revisions"}],"predecessor-version":[{"id":28,"href":"https:\/\/sklep.magiaexcela.pl\/index.php\/wp-json\/wp\/v2\/pages\/27\/revisions\/28"}],"wp:attachment":[{"href":"https:\/\/sklep.magiaexcela.pl\/index.php\/wp-json\/wp\/v2\/media?parent=27"}],"curies":[{"name":"wp","href":"https:\/\/api.w.org\/{rel}","templated":true}]}}